{"id":700,"date":"2026-04-26T22:20:06","date_gmt":"2026-04-26T22:20:06","guid":{"rendered":"https:\/\/lepetitfournil.co.uk\/?post_type=product&#038;p=700"},"modified":"2026-04-26T22:22:55","modified_gmt":"2026-04-26T22:22:55","slug":"pain-au-raisin","status":"publish","type":"product","link":"https:\/\/lepetitfournil.co.uk\/?product=pain-au-raisin","title":{"rendered":"Pain au Raisin"},"content":{"rendered":"<p>A petit d\u00e9jeuner favourite. Delicate feuillet\u00e9 pastry filled with vanilla cr\u00e8me p\u00e2tissi\u00e8re and juicy raisins.<\/p>\n","protected":false},"excerpt":{"rendered":"<p>A petit d\u00e9jeuner favourite. Delicate feuillet\u00e9 pastry filled with vanilla cr\u00e8me p\u00e2tissi\u00e8re and juicy raisins.<\/p>\n","protected":false},"featured_media":592,"comment_status":"open","ping_status":"closed","template":"","meta":{"wprm-recipe-roundup-name":"","wprm-recipe-roundup-description":""},"product_brand":[],"product_cat":[68],"product_tag":[],"class_list":{"0":"post-700","1":"product","2":"type-product","3":"status-publish","4":"has-post-thumbnail","6":"product_cat-pastries","8":"first","9":"instock","10":"shipping-taxable","11":"purchasable","12":"product-type-simple"},"_links":{"self":[{"href":"https:\/\/lepetitfournil.co.uk\/index.php?rest_route=\/wp\/v2\/product\/700","targetHints":{"allow":["GET"]}}],"collection":[{"href":"https:\/\/lepetitfournil.co.uk\/index.php?rest_route=\/wp\/v2\/product"}],"about":[{"href":"https:\/\/lepetitfournil.co.uk\/index.php?rest_route=\/wp\/v2\/types\/product"}],"replies":[{"embeddable":true,"href":"https:\/\/lepetitfournil.co.uk\/index.php?rest_route=%2Fwp%2Fv2%2Fcomments&post=700"}],"wp:featuredmedia":[{"embeddable":true,"href":"https:\/\/lepetitfournil.co.uk\/index.php?rest_route=\/wp\/v2\/media\/592"}],"wp:attachment":[{"href":"https:\/\/lepetitfournil.co.uk\/index.php?rest_route=%2Fwp%2Fv2%2Fmedia&parent=700"}],"wp:term":[{"taxonomy":"product_brand","embeddable":true,"href":"https:\/\/lepetitfournil.co.uk\/index.php?rest_route=%2Fwp%2Fv2%2Fproduct_brand&post=700"},{"taxonomy":"product_cat","embeddable":true,"href":"https:\/\/lepetitfournil.co.uk\/index.php?rest_route=%2Fwp%2Fv2%2Fproduct_cat&post=700"},{"taxonomy":"product_tag","embeddable":true,"href":"https:\/\/lepetitfournil.co.uk\/index.php?rest_route=%2Fwp%2Fv2%2Fproduct_tag&post=700"}],"curies":[{"name":"wp","href":"https:\/\/api.w.org\/{rel}","templated":true}]}}